
{"id":1208,"date":"2025-10-21T15:47:38","date_gmt":"2025-10-21T15:47:38","guid":{"rendered":"https:\/\/bitevol.es\/blog\/?page_id=1208"},"modified":"2026-03-30T08:16:33","modified_gmt":"2026-03-30T08:16:33","slug":"areas-trabajo","status":"publish","type":"page","link":"https:\/\/bitevol.es\/next\/areas-trabajo\/","title":{"rendered":"Oficina t\u00e9cnica 360"},"content":{"rendered":"\n<p class=\"has-text-color\" style=\"color:#492582;font-size:24px\">Esta p\u00e1gina no muestra servicios, sino \u00e1reas que han sido necesarias en los proyectos coordinados desde Bitevol.<\/p>\n\n\n\n<div style=\"height:32px\" aria-hidden=\"true\" class=\"wp-block-spacer\"><\/div>\n\n\n\n<div id=\"areas-trabajo\" class=\"wp-block-group\"><div class=\"wp-block-group__inner-container is-layout-constrained wp-block-group-is-layout-constrained\">\n<div class=\"wp-block-group box-testimonial-container\"><div class=\"wp-block-group__inner-container is-layout-constrained wp-block-group-is-layout-constrained\">\n<div class=\"wp-block-group box-testimonial\"><div class=\"wp-block-group__inner-container is-layout-constrained wp-block-group-is-layout-constrained\">\n<h2 class=\"wp-block-heading\" style=\"font-size:24px\"><strong>Tecnolog\u00eda<\/strong><\/h2>\n\n\n\n<hr class=\"wp-block-separator has-alpha-channel-opacity\"\/>\n\n\n\n<h3 class=\"wp-block-heading has-medium-font-size\">Software<\/h3>\n\n\n\n<ul class=\"wp-block-list\" style=\"font-size:16px\">\n<li>AI &amp; Agentic AI<\/li>\n\n\n\n<li>Data<\/li>\n\n\n\n<li>Plataformas h\u00edbridas MLOps \/ LLMOps<\/li>\n<\/ul>\n\n\n\n<h3 class=\"wp-block-heading has-medium-font-size\">Ciberseguridad<\/h3>\n\n\n\n<ul class=\"wp-block-list\" style=\"font-size:16px\">\n<li>Ciberprotecci\u00f3n AI<\/li>\n\n\n\n<li>Pentesting<\/li>\n\n\n\n<li>Adecuaci\u00f3n ENS<\/li>\n<\/ul>\n\n\n\n<h3 class=\"wp-block-heading has-medium-font-size\">Automatizaci\u00f3n<\/h3>\n\n\n\n<ul class=\"wp-block-list\" style=\"font-size:16px\">\n<li>RPA<\/li>\n\n\n\n<li>Asistentes para tareas repetitivas<\/li>\n\n\n\n<li>Atenci\u00f3n al cliente &amp; bots<\/li>\n\n\n\n<li>Gesti\u00f3n automatizada de cat\u00e1logos<\/li>\n<\/ul>\n\n\n\n<h3 class=\"wp-block-heading has-medium-font-size\">Tecnolog\u00eda aplicada al video y Contenidos inmersivos<\/h3>\n\n\n\n<ul class=\"wp-block-list\" style=\"font-size:16px\">\n<li>AI Media indexing<\/li>\n\n\n\n<li>Trascripci\u00f3n, subtitulado y doblaje audiovisual automatizado<\/li>\n\n\n\n<li>VR, AR, MR<\/li>\n\n\n\n<li>Metaverso, Spatial Computing<\/li>\n<\/ul>\n<\/div><\/div>\n<\/div><\/div>\n\n\n\n<div class=\"wp-block-group box-testimonial-container\"><div class=\"wp-block-group__inner-container is-layout-constrained wp-block-group-is-layout-constrained\">\n<div class=\"wp-block-group box-testimonial\"><div class=\"wp-block-group__inner-container is-layout-constrained wp-block-group-is-layout-constrained\">\n<h2 class=\"wp-block-heading\" style=\"font-size:24px\"><strong>Software de gesti\u00f3n y CRM<\/strong><\/h2>\n\n\n\n<hr class=\"wp-block-separator has-alpha-channel-opacity\"\/>\n\n\n\n<h3 class=\"wp-block-heading has-medium-font-size\">ERP<\/h3>\n\n\n\n<ul class=\"wp-block-list\" style=\"font-size:16px\">\n<li>Odoo<\/li>\n\n\n\n<li>MS Business Central<\/li>\n\n\n\n<li>SAP Business One<\/li>\n\n\n\n<li>IBM AS\/400<\/li>\n\n\n\n<li>ERP para Centros de Formaci\u00f3n<\/li>\n\n\n\n<li>ERP para Inmobiliarias<\/li>\n\n\n\n<li>ERP para RRHH<\/li>\n<\/ul>\n\n\n\n<h3 class=\"wp-block-heading has-medium-font-size\">Conectores<\/h3>\n\n\n\n<ul class=\"wp-block-list\" style=\"font-size:16px\">\n<li>ERP &amp; Ecommerce<\/li>\n\n\n\n<li>CRM &amp; Ecommerce<\/li>\n\n\n\n<li>CRM &amp; CMS<\/li>\n\n\n\n<li>BI<\/li>\n<\/ul>\n\n\n\n<h3 class=\"wp-block-heading has-medium-font-size\">Facturaci\u00f3n electr\u00f3nica<\/h3>\n\n\n\n<ul class=\"wp-block-list\" style=\"font-size:16px\">\n<li>VERI*FACTU<\/li>\n\n\n\n<li>TicketBAI<\/li>\n\n\n\n<li>BATUZ<\/li>\n<\/ul>\n\n\n\n<h3 class=\"wp-block-heading has-medium-font-size\">CRM<\/h3>\n\n\n\n<ul class=\"wp-block-list\" style=\"font-size:16px\">\n<li>Definici\u00f3n de procesos comerciales<\/li>\n\n\n\n<li>Equipos de ventas<\/li>\n\n\n\n<li>Adecuaci\u00f3n de tecnolog\u00eda a procesos comerciales<\/li>\n\n\n\n<li>Implantaci\u00f3n, formaci\u00f3n y seguimiento de objetivos<\/li>\n<\/ul>\n<\/div><\/div>\n<\/div><\/div>\n\n\n\n<div class=\"wp-block-group box-testimonial-container\"><div class=\"wp-block-group__inner-container is-layout-constrained wp-block-group-is-layout-constrained\">\n<div class=\"wp-block-group box-testimonial\"><div class=\"wp-block-group__inner-container is-layout-constrained wp-block-group-is-layout-constrained\">\n<h2 class=\"wp-block-heading\" style=\"font-size:24px\"><strong>Marketing<\/strong><\/h2>\n\n\n\n<hr class=\"wp-block-separator has-alpha-channel-opacity\"\/>\n\n\n\n<h3 class=\"wp-block-heading has-medium-font-size\">Branding estrat\u00e9gico<\/h3>\n\n\n\n<ul class=\"wp-block-list\" style=\"font-size:16px\">\n<li>Propuesta de valor<\/li>\n\n\n\n<li>Posicionamiento, diferenciaci\u00f3n, prop\u00f3sito<\/li>\n\n\n\n<li>Naming<\/li>\n\n\n\n<li>Territorio, valores y personalidad de Marca<\/li>\n\n\n\n<li>Identidad verbal<\/li>\n\n\n\n<li>Speech de venta<\/li>\n<\/ul>\n\n\n\n<h3 class=\"wp-block-heading has-medium-font-size\">Identidad corporativa<\/h3>\n\n\n\n<ul class=\"wp-block-list\" style=\"font-size:16px\">\n<li>Dise\u00f1o de identidad<\/li>\n\n\n\n<li>Aplicaciones<\/li>\n\n\n\n<li>Animaci\u00f3n de marcas<\/li>\n<\/ul>\n\n\n\n<h3 class=\"wp-block-heading has-medium-font-size\">Marketing digital<\/h3>\n\n\n\n<ul class=\"wp-block-list\" style=\"font-size:16px\">\n<li>SEO, SEM, SMO<\/li>\n\n\n\n<li>Social Ads<\/li>\n\n\n\n<li>Anal\u00edtica<\/li>\n\n\n\n<li>Email marketing<\/li>\n\n\n\n<li>Marketing automation<\/li>\n\n\n\n<li>Reputaci\u00f3n on-line<\/li>\n<\/ul>\n\n\n\n<h3 class=\"wp-block-heading has-medium-font-size\">Audiovisuales<\/h3>\n\n\n\n<ul class=\"wp-block-list\" style=\"font-size:16px\">\n<li>Fotograf\u00eda<\/li>\n\n\n\n<li>Retratos corporativos<\/li>\n\n\n\n<li>Video<\/li>\n\n\n\n<li>Vuelos con dron<\/li>\n\n\n\n<li>Visitas 360\u00ba para Google Street<\/li>\n\n\n\n<li>Podcasting<\/li>\n<\/ul>\n\n\n\n<h3 class=\"wp-block-heading has-medium-font-size\">Telemarketing<\/h3>\n\n\n\n<ul class=\"wp-block-list\" style=\"font-size:16px\">\n<li>Captaci\u00f3n de leads<\/li>\n<\/ul>\n<\/div><\/div>\n<\/div><\/div>\n\n\n\n<div class=\"wp-block-group box-testimonial-container\"><div class=\"wp-block-group__inner-container is-layout-constrained wp-block-group-is-layout-constrained\">\n<div class=\"wp-block-group box-testimonial\"><div class=\"wp-block-group__inner-container is-layout-constrained wp-block-group-is-layout-constrained\">\n<h2 class=\"wp-block-heading\" style=\"font-size:24px\"><strong>Internet<\/strong><\/h2>\n\n\n\n<hr class=\"wp-block-separator has-alpha-channel-opacity\"\/>\n\n\n\n<h3 class=\"wp-block-heading has-medium-font-size\">Web<\/h3>\n\n\n\n<ul class=\"wp-block-list\" style=\"font-size:16px\">\n<li>Dise\u00f1o UI<\/li>\n\n\n\n<li>Desarrollo a medida<\/li>\n\n\n\n<li>Mantenimiento Web Profesional<\/li>\n\n\n\n<li>Optimizaci\u00f3n de rendimiento (WPO)<\/li>\n\n\n\n<li>Auditor\u00edas y Asesor\u00eda<\/li>\n<\/ul>\n\n\n\n<h3 class=\"wp-block-heading has-medium-font-size\">Ecommerce<\/h3>\n\n\n\n<ul class=\"wp-block-list\" style=\"font-size:16px\">\n<li>Shopify<\/li>\n\n\n\n<li>Prestashop<\/li>\n\n\n\n<li>Woocommerce<\/li>\n\n\n\n<li>Magento<\/li>\n\n\n\n<li>Odoo<\/li>\n\n\n\n<li>An\u00e1lisis de precios automatizado<\/li>\n<\/ul>\n\n\n\n<h3 class=\"wp-block-heading has-medium-font-size\">Marketplaces<\/h3>\n\n\n\n<ul class=\"wp-block-list\" style=\"font-size:16px\">\n<li>B2C<\/li>\n\n\n\n<li>B2B<\/li>\n<\/ul>\n\n\n\n<h3 class=\"wp-block-heading has-medium-font-size\">ISP<\/h3>\n\n\n\n<ul class=\"wp-block-list\" style=\"font-size:16px\">\n<li>Alojamiento<\/li>\n\n\n\n<li>Virtualizaci\u00f3n<\/li>\n\n\n\n<li>Backups<\/li>\n\n\n\n<li>Correo electr\u00f3nico<\/li>\n\n\n\n<li>Antispam<\/li>\n<\/ul>\n<\/div><\/div>\n<\/div><\/div>\n\n\n\n<div class=\"wp-block-group box-testimonial-container\"><div class=\"wp-block-group__inner-container is-layout-constrained wp-block-group-is-layout-constrained\">\n<div class=\"wp-block-group box-testimonial\"><div class=\"wp-block-group__inner-container is-layout-constrained wp-block-group-is-layout-constrained\">\n<h2 class=\"wp-block-heading\" style=\"font-size:24px\"><strong>Dise\u00f1o centrado en las personas<\/strong><\/h2>\n\n\n\n<hr class=\"wp-block-separator has-alpha-channel-opacity\"\/>\n\n\n\n<h3 class=\"wp-block-heading has-medium-font-size\">Dise\u00f1o estrat\u00e9gico<\/h3>\n\n\n\n<h3 class=\"wp-block-heading has-medium-font-size\">Dise\u00f1o de servicios<\/h3>\n\n\n\n<h3 class=\"wp-block-heading has-medium-font-size\">Dise\u00f1o de experiencia de usuario UX<\/h3>\n<\/div><\/div>\n<\/div><\/div>\n\n\n\n<div class=\"wp-block-group box-testimonial-container\"><div class=\"wp-block-group__inner-container is-layout-constrained wp-block-group-is-layout-constrained\">\n<div class=\"wp-block-group box-testimonial\"><div class=\"wp-block-group__inner-container is-layout-constrained wp-block-group-is-layout-constrained\">\n<h2 class=\"wp-block-heading\" style=\"font-size:24px\"><strong>Dise\u00f1o de producto<\/strong><\/h2>\n\n\n\n<hr class=\"wp-block-separator has-alpha-channel-opacity\"\/>\n\n\n\n<h3 class=\"wp-block-heading has-medium-font-size\">Dise\u00f1o e innovaci\u00f3n<\/h3>\n\n\n\n<h3 class=\"wp-block-heading has-medium-font-size\">Prototipado<\/h3>\n\n\n\n<h3 class=\"wp-block-heading has-medium-font-size\">Fabricaci\u00f3n<\/h3>\n<\/div><\/div>\n<\/div><\/div>\n\n\n\n<div class=\"wp-block-group box-testimonial-container\"><div class=\"wp-block-group__inner-container is-layout-constrained wp-block-group-is-layout-constrained\">\n<div class=\"wp-block-group box-testimonial\"><div class=\"wp-block-group__inner-container is-layout-constrained wp-block-group-is-layout-constrained\">\n<h2 class=\"wp-block-heading\" style=\"font-size:24px\"><strong>Inform\u00e1tica y equipamiento digital<\/strong><\/h2>\n\n\n\n<hr class=\"wp-block-separator has-alpha-channel-opacity\"\/>\n\n\n\n<h3 class=\"wp-block-heading has-medium-font-size\">Equipos<\/h3>\n\n\n\n<h3 class=\"wp-block-heading has-medium-font-size\">Sistemas<\/h3>\n\n\n\n<h3 class=\"wp-block-heading has-medium-font-size\">Redes y tecnolog\u00eda<\/h3>\n\n\n\n<h3 class=\"wp-block-heading has-medium-font-size\">Salas de videoconferencia<\/h3>\n\n\n\n<h3 class=\"wp-block-heading has-medium-font-size\">Software de control horario<\/h3>\n<\/div><\/div>\n<\/div><\/div>\n\n\n\n<div class=\"wp-block-group box-testimonial-container\"><div class=\"wp-block-group__inner-container is-layout-constrained wp-block-group-is-layout-constrained\">\n<div class=\"wp-block-group box-testimonial\"><div class=\"wp-block-group__inner-container is-layout-constrained wp-block-group-is-layout-constrained\">\n<h2 class=\"wp-block-heading\" style=\"font-size:24px\"><strong>Eventos<\/strong><\/h2>\n\n\n\n<hr class=\"wp-block-separator has-alpha-channel-opacity\"\/>\n\n\n\n<h3 class=\"wp-block-heading has-medium-font-size\">Lanzamientos de producto<\/h3>\n\n\n\n<h3 class=\"wp-block-heading has-medium-font-size\">Congresos<\/h3>\n\n\n\n<h3 class=\"wp-block-heading has-medium-font-size\">Ferias<\/h3>\n\n\n\n<h3 class=\"wp-block-heading has-medium-font-size\">Roadshows<\/h3>\n<\/div><\/div>\n<\/div><\/div>\n\n\n\n<div class=\"wp-block-group box-testimonial-container\"><div class=\"wp-block-group__inner-container is-layout-constrained wp-block-group-is-layout-constrained\">\n<div class=\"wp-block-group box-testimonial\"><div class=\"wp-block-group__inner-container is-layout-constrained wp-block-group-is-layout-constrained\">\n<h2 class=\"wp-block-heading\" style=\"font-size:24px\"><strong>E-learning<\/strong><\/h2>\n\n\n\n<hr class=\"wp-block-separator has-alpha-channel-opacity\"\/>\n\n\n\n<h3 class=\"wp-block-heading has-medium-font-size\">Plataformas y contenidos<\/h3>\n\n\n\n<ul class=\"wp-block-list\" style=\"font-size:16px\">\n<li>LMS, VLE<\/li>\n\n\n\n<li>SCORM<\/li>\n<\/ul>\n<\/div><\/div>\n<\/div><\/div>\n\n\n\n<div class=\"wp-block-group box-testimonial-container\"><div class=\"wp-block-group__inner-container is-layout-constrained wp-block-group-is-layout-constrained\">\n<div class=\"wp-block-group box-testimonial\"><div class=\"wp-block-group__inner-container is-layout-constrained wp-block-group-is-layout-constrained\">\n<h2 class=\"wp-block-heading\" style=\"font-size:24px\"><strong>Internacionalizaci\u00f3n<\/strong><\/h2>\n\n\n\n<hr class=\"wp-block-separator has-alpha-channel-opacity\"\/>\n\n\n\n<h3 class=\"wp-block-heading has-medium-font-size\">Log\u00edstica y aduanas<\/h3>\n\n\n\n<h3 class=\"wp-block-heading has-medium-font-size\">Legal y fiscal<\/h3>\n\n\n\n<h3 class=\"wp-block-heading has-medium-font-size\">Marketing estrat\u00e9gico<\/h3>\n\n\n\n<h3 class=\"wp-block-heading has-medium-font-size\">Marketing operativo y b\u00fasqueda de oportunidades<\/h3>\n<\/div><\/div>\n<\/div><\/div>\n\n\n\n<div class=\"wp-block-group box-testimonial-container\"><div class=\"wp-block-group__inner-container is-layout-constrained wp-block-group-is-layout-constrained\">\n<div class=\"wp-block-group box-testimonial\"><div class=\"wp-block-group__inner-container is-layout-constrained wp-block-group-is-layout-constrained\">\n<h2 class=\"wp-block-heading\" style=\"font-size:24px\"><strong>Derecho digital<\/strong><\/h2>\n\n\n\n<hr class=\"wp-block-separator has-alpha-channel-opacity\"\/>\n\n\n\n<h3 class=\"wp-block-heading has-medium-font-size\">Protecci\u00f3n de datos<\/h3>\n\n\n\n<h3 class=\"wp-block-heading has-medium-font-size\">Compliance<\/h3>\n\n\n\n<h3 class=\"wp-block-heading has-medium-font-size\">ENS<\/h3>\n\n\n\n<h3 class=\"wp-block-heading has-medium-font-size\">Reglamento Europeo de Inteligencia Artificial<\/h3>\n\n\n\n<h3 class=\"wp-block-heading has-medium-font-size\">Canal \u00e9tico<\/h3>\n\n\n\n<h3 class=\"wp-block-heading has-medium-font-size\">Planes de igualdad<\/h3>\n<\/div><\/div>\n<\/div><\/div>\n\n\n\n<div class=\"wp-block-group box-testimonial-container\"><div class=\"wp-block-group__inner-container is-layout-constrained wp-block-group-is-layout-constrained\">\n<div class=\"wp-block-group box-testimonial\"><div class=\"wp-block-group__inner-container is-layout-constrained wp-block-group-is-layout-constrained\">\n<h2 class=\"wp-block-heading\" style=\"font-size:24px\"><strong>Marcas y patentes<\/strong><\/h2>\n\n\n\n<hr class=\"wp-block-separator has-alpha-channel-opacity\"\/>\n\n\n\n<h3 class=\"wp-block-heading has-medium-font-size\">Invenciones<\/h3>\n\n\n\n<h3 class=\"wp-block-heading has-medium-font-size\">Signos Distintivos<\/h3>\n\n\n\n<h3 class=\"wp-block-heading has-medium-font-size\">Dise\u00f1os Industriales<\/h3>\n\n\n\n<h3 class=\"wp-block-heading has-medium-font-size\">Secretos Industriales<\/h3>\n\n\n\n<h3 class=\"wp-block-heading has-medium-font-size\">Propiedad Intelectual<\/h3>\n<\/div><\/div>\n<\/div><\/div>\n\n\n\n<div class=\"wp-block-group box-testimonial-container\"><div class=\"wp-block-group__inner-container is-layout-constrained wp-block-group-is-layout-constrained\">\n<div class=\"wp-block-group box-testimonial\"><div class=\"wp-block-group__inner-container is-layout-constrained wp-block-group-is-layout-constrained\">\n<h2 class=\"wp-block-heading\" style=\"font-size:24px\"><strong>Management<\/strong><\/h2>\n\n\n\n<hr class=\"wp-block-separator has-alpha-channel-opacity\"\/>\n\n\n\n<h3 class=\"wp-block-heading has-medium-font-size\">Optimizaci\u00f3n de la gesti\u00f3n empresarial<\/h3>\n\n\n\n<ul class=\"wp-block-list\" style=\"font-size:16px\">\n<li>Acompa\u00f1amiento gerencial<\/li>\n\n\n\n<li>Ahorro de costes<\/li>\n\n\n\n<li>Definici\u00f3n de procesos<\/li>\n<\/ul>\n\n\n\n<h3 class=\"wp-block-heading has-medium-font-size\">Legado<\/h3>\n\n\n\n<ul class=\"wp-block-list\" style=\"font-size:16px\">\n<li>Gobernanza y protocolo familiar<\/li>\n\n\n\n<li>Plan de sucesi\u00f3n<\/li>\n\n\n\n<li>Implantaci\u00f3n<\/li>\n\n\n\n<li>Sucesi\u00f3n y continuidad<\/li>\n<\/ul>\n<\/div><\/div>\n<\/div><\/div>\n\n\n\n<div class=\"wp-block-group box-testimonial-container\"><div class=\"wp-block-group__inner-container is-layout-constrained wp-block-group-is-layout-constrained\">\n<div class=\"wp-block-group box-testimonial\"><div class=\"wp-block-group__inner-container is-layout-constrained wp-block-group-is-layout-constrained\">\n<h2 class=\"wp-block-heading\" style=\"font-size:24px\"><strong>Recursos Humanos<\/strong><\/h2>\n\n\n\n<hr class=\"wp-block-separator has-alpha-channel-opacity\"\/>\n\n\n\n<h3 class=\"wp-block-heading has-medium-font-size\">Consultor\u00eda<\/h3>\n\n\n\n<h3 class=\"wp-block-heading has-medium-font-size\">Selecci\u00f3n<\/h3>\n\n\n\n<h3 class=\"wp-block-heading has-medium-font-size\">Formaci\u00f3n<\/h3>\n\n\n\n<h3 class=\"wp-block-heading has-medium-font-size\">Digitalizaci\u00f3n de procesos en RRHH<\/h3>\n\n\n\n<h3 class=\"wp-block-heading has-medium-font-size\">Fisioterapia &amp; empresa saludable<\/h3>\n<\/div><\/div>\n<\/div><\/div>\n\n\n\n<div class=\"wp-block-group box-testimonial-container\"><div class=\"wp-block-group__inner-container is-layout-constrained wp-block-group-is-layout-constrained\">\n<div class=\"wp-block-group box-testimonial\"><div class=\"wp-block-group__inner-container is-layout-constrained wp-block-group-is-layout-constrained\">\n<h2 class=\"wp-block-heading\" style=\"font-size:24px\"><strong>Gesti\u00f3n documental<\/strong><\/h2>\n\n\n\n<hr class=\"wp-block-separator has-alpha-channel-opacity\"\/>\n\n\n\n<h3 class=\"wp-block-heading has-medium-font-size\">Normalizaci\u00f3n<\/h3>\n\n\n\n<h3 class=\"wp-block-heading has-medium-font-size\">Digitalizaci\u00f3n<\/h3>\n\n\n\n<h3 class=\"wp-block-heading has-medium-font-size\">Expurgo y custodia<\/h3>\n\n\n\n<h3 class=\"wp-block-heading has-medium-font-size\">Destrucci\u00f3n<\/h3>\n\n\n\n<h3 class=\"wp-block-heading has-medium-font-size\">Mecanizado de datos<\/h3>\n<\/div><\/div>\n<\/div><\/div>\n\n\n\n<div class=\"wp-block-group box-testimonial-container\"><div class=\"wp-block-group__inner-container is-layout-constrained wp-block-group-is-layout-constrained\">\n<div class=\"wp-block-group box-testimonial\"><div class=\"wp-block-group__inner-container is-layout-constrained wp-block-group-is-layout-constrained\">\n<h2 class=\"wp-block-heading\" style=\"font-size:24px\"><strong>Artes gr\u00e1ficas<\/strong><\/h2>\n\n\n\n<hr class=\"wp-block-separator has-alpha-channel-opacity\"\/>\n\n\n\n<h3 class=\"wp-block-heading has-medium-font-size\">Impresi\u00f3n y packaging<\/h3>\n\n\n\n<ul class=\"wp-block-list\" style=\"font-size:16px\">\n<li>Impresi\u00f3n en papel y cart\u00f3n<\/li>\n\n\n\n<li>Packaging personalizado<\/li>\n\n\n\n<li>Impresi\u00f3n digital gran formato<\/li>\n\n\n\n<li>Manipulados<\/li>\n<\/ul>\n<\/div><\/div>\n<\/div><\/div>\n<\/div><\/div>\n\n\n\n<div style=\"height:32px\" aria-hidden=\"true\" class=\"wp-block-spacer\"><\/div>\n\n\n\n<p>Cada proyecto es distinto. Lo esencial no es hacerlo todo, sino saber <strong>qu\u00e9 activar, con qui\u00e9n y cu\u00e1ndo<\/strong>. Eso define el trabajo de una oficina t\u00e9cnica 360.<\/p>\n\n\n\n<p><\/p>\n","protected":false},"excerpt":{"rendered":"<p>Una forma de entender lo que realmente implica una oficina t\u00e9cnica<\/p>\n","protected":false},"author":1,"featured_media":0,"parent":0,"menu_order":0,"comment_status":"closed","ping_status":"closed","template":"","meta":{"_acf_changed":false,"footnotes":""},"class_list":["post-1208","page","type-page","status-publish","hentry"],"acf":[],"yoast_head":"<!-- This site is optimized with the Yoast SEO plugin v27.2 - https:\/\/yoast.com\/product\/yoast-seo-wordpress\/ -->\n<title>Oficina t\u00e9cnica 360 - Bitevol<\/title>\n<meta name=\"description\" content=\"Oficina t\u00e9cnica Bitevol que coordina \u00e1reas clave seg\u00fan cada proyecto. No se trata de hacerlo todo, sino de saber activar lo necesario.\" \/>\n<meta name=\"robots\" content=\"index, follow, max-snippet:-1, max-image-preview:large, max-video-preview:-1\" \/>\n<link rel=\"canonical\" href=\"https:\/\/bitevol.es\/next\/areas-trabajo\/\" \/>\n<meta property=\"og:locale\" content=\"es_ES\" \/>\n<meta property=\"og:type\" content=\"article\" \/>\n<meta property=\"og:title\" content=\"Oficina t\u00e9cnica 360 - Bitevol\" \/>\n<meta property=\"og:description\" content=\"Oficina t\u00e9cnica Bitevol que coordina \u00e1reas clave seg\u00fan cada proyecto. No se trata de hacerlo todo, sino de saber activar lo necesario.\" \/>\n<meta property=\"og:url\" content=\"https:\/\/bitevol.es\/next\/areas-trabajo\/\" \/>\n<meta property=\"og:site_name\" content=\"Blog de Bitevol\" \/>\n<meta property=\"article:modified_time\" content=\"2026-03-30T08:16:33+00:00\" \/>\n<meta name=\"twitter:card\" content=\"summary_large_image\" \/>\n<meta name=\"twitter:label1\" content=\"Tiempo de lectura\" \/>\n\t<meta name=\"twitter:data1\" content=\"2 minutos\" \/>\n<script type=\"application\/ld+json\" class=\"yoast-schema-graph\">{\"@context\":\"https:\/\/schema.org\",\"@graph\":[{\"@type\":\"WebPage\",\"@id\":\"https:\/\/bitevol.es\/next\/areas-trabajo\/\",\"url\":\"https:\/\/bitevol.es\/next\/areas-trabajo\/\",\"name\":\"Oficina t\u00e9cnica 360 - Bitevol\",\"isPartOf\":{\"@id\":\"https:\/\/bitevol.es\/next\/#website\"},\"datePublished\":\"2025-10-21T15:47:38+00:00\",\"dateModified\":\"2026-03-30T08:16:33+00:00\",\"description\":\"Oficina t\u00e9cnica Bitevol que coordina \u00e1reas clave seg\u00fan cada proyecto. No se trata de hacerlo todo, sino de saber activar lo necesario.\",\"breadcrumb\":{\"@id\":\"https:\/\/bitevol.es\/next\/areas-trabajo\/#breadcrumb\"},\"inLanguage\":\"es\",\"potentialAction\":[{\"@type\":\"ReadAction\",\"target\":[\"https:\/\/bitevol.es\/next\/areas-trabajo\/\"]}]},{\"@type\":\"BreadcrumbList\",\"@id\":\"https:\/\/bitevol.es\/next\/areas-trabajo\/#breadcrumb\",\"itemListElement\":[{\"@type\":\"ListItem\",\"position\":1,\"name\":\"Portada\",\"item\":\"https:\/\/bitevol.es\/next\/\"},{\"@type\":\"ListItem\",\"position\":2,\"name\":\"Oficina t\u00e9cnica 360\"}]},{\"@type\":\"WebSite\",\"@id\":\"https:\/\/bitevol.es\/next\/#website\",\"url\":\"https:\/\/bitevol.es\/next\/\",\"name\":\"Blog de Bitevol\",\"description\":\"Oxigena tu estrategia digital\",\"publisher\":{\"@id\":\"https:\/\/bitevol.es\/next\/#organization\"},\"potentialAction\":[{\"@type\":\"SearchAction\",\"target\":{\"@type\":\"EntryPoint\",\"urlTemplate\":\"https:\/\/bitevol.es\/next\/?s={search_term_string}\"},\"query-input\":{\"@type\":\"PropertyValueSpecification\",\"valueRequired\":true,\"valueName\":\"search_term_string\"}}],\"inLanguage\":\"es\"},{\"@type\":\"Organization\",\"@id\":\"https:\/\/bitevol.es\/next\/#organization\",\"name\":\"BitEvol\",\"url\":\"https:\/\/bitevol.es\/next\/\",\"logo\":{\"@type\":\"ImageObject\",\"inLanguage\":\"es\",\"@id\":\"https:\/\/bitevol.es\/next\/#\/schema\/logo\/image\/\",\"url\":\"https:\/\/bitevol.es\/next\/wp-content\/uploads\/2018\/06\/bitevol-01.png\",\"contentUrl\":\"https:\/\/bitevol.es\/next\/wp-content\/uploads\/2018\/06\/bitevol-01.png\",\"width\":781,\"height\":324,\"caption\":\"BitEvol\"},\"image\":{\"@id\":\"https:\/\/bitevol.es\/next\/#\/schema\/logo\/image\/\"}}]}<\/script>\n<!-- \/ Yoast SEO plugin. -->","yoast_head_json":{"title":"Oficina t\u00e9cnica 360 - Bitevol","description":"Oficina t\u00e9cnica Bitevol que coordina \u00e1reas clave seg\u00fan cada proyecto. No se trata de hacerlo todo, sino de saber activar lo necesario.","robots":{"index":"index","follow":"follow","max-snippet":"max-snippet:-1","max-image-preview":"max-image-preview:large","max-video-preview":"max-video-preview:-1"},"canonical":"https:\/\/bitevol.es\/next\/areas-trabajo\/","og_locale":"es_ES","og_type":"article","og_title":"Oficina t\u00e9cnica 360 - Bitevol","og_description":"Oficina t\u00e9cnica Bitevol que coordina \u00e1reas clave seg\u00fan cada proyecto. No se trata de hacerlo todo, sino de saber activar lo necesario.","og_url":"https:\/\/bitevol.es\/next\/areas-trabajo\/","og_site_name":"Blog de Bitevol","article_modified_time":"2026-03-30T08:16:33+00:00","twitter_card":"summary_large_image","twitter_misc":{"Tiempo de lectura":"2 minutos"},"schema":{"@context":"https:\/\/schema.org","@graph":[{"@type":"WebPage","@id":"https:\/\/bitevol.es\/next\/areas-trabajo\/","url":"https:\/\/bitevol.es\/next\/areas-trabajo\/","name":"Oficina t\u00e9cnica 360 - Bitevol","isPartOf":{"@id":"https:\/\/bitevol.es\/next\/#website"},"datePublished":"2025-10-21T15:47:38+00:00","dateModified":"2026-03-30T08:16:33+00:00","description":"Oficina t\u00e9cnica Bitevol que coordina \u00e1reas clave seg\u00fan cada proyecto. No se trata de hacerlo todo, sino de saber activar lo necesario.","breadcrumb":{"@id":"https:\/\/bitevol.es\/next\/areas-trabajo\/#breadcrumb"},"inLanguage":"es","potentialAction":[{"@type":"ReadAction","target":["https:\/\/bitevol.es\/next\/areas-trabajo\/"]}]},{"@type":"BreadcrumbList","@id":"https:\/\/bitevol.es\/next\/areas-trabajo\/#breadcrumb","itemListElement":[{"@type":"ListItem","position":1,"name":"Portada","item":"https:\/\/bitevol.es\/next\/"},{"@type":"ListItem","position":2,"name":"Oficina t\u00e9cnica 360"}]},{"@type":"WebSite","@id":"https:\/\/bitevol.es\/next\/#website","url":"https:\/\/bitevol.es\/next\/","name":"Blog de Bitevol","description":"Oxigena tu estrategia digital","publisher":{"@id":"https:\/\/bitevol.es\/next\/#organization"},"potentialAction":[{"@type":"SearchAction","target":{"@type":"EntryPoint","urlTemplate":"https:\/\/bitevol.es\/next\/?s={search_term_string}"},"query-input":{"@type":"PropertyValueSpecification","valueRequired":true,"valueName":"search_term_string"}}],"inLanguage":"es"},{"@type":"Organization","@id":"https:\/\/bitevol.es\/next\/#organization","name":"BitEvol","url":"https:\/\/bitevol.es\/next\/","logo":{"@type":"ImageObject","inLanguage":"es","@id":"https:\/\/bitevol.es\/next\/#\/schema\/logo\/image\/","url":"https:\/\/bitevol.es\/next\/wp-content\/uploads\/2018\/06\/bitevol-01.png","contentUrl":"https:\/\/bitevol.es\/next\/wp-content\/uploads\/2018\/06\/bitevol-01.png","width":781,"height":324,"caption":"BitEvol"},"image":{"@id":"https:\/\/bitevol.es\/next\/#\/schema\/logo\/image\/"}}]}},"_links":{"self":[{"href":"https:\/\/bitevol.es\/next\/wp-json\/wp\/v2\/pages\/1208","targetHints":{"allow":["GET"]}}],"collection":[{"href":"https:\/\/bitevol.es\/next\/wp-json\/wp\/v2\/pages"}],"about":[{"href":"https:\/\/bitevol.es\/next\/wp-json\/wp\/v2\/types\/page"}],"author":[{"embeddable":true,"href":"https:\/\/bitevol.es\/next\/wp-json\/wp\/v2\/users\/1"}],"replies":[{"embeddable":true,"href":"https:\/\/bitevol.es\/next\/wp-json\/wp\/v2\/comments?post=1208"}],"version-history":[{"count":103,"href":"https:\/\/bitevol.es\/next\/wp-json\/wp\/v2\/pages\/1208\/revisions"}],"predecessor-version":[{"id":1382,"href":"https:\/\/bitevol.es\/next\/wp-json\/wp\/v2\/pages\/1208\/revisions\/1382"}],"wp:attachment":[{"href":"https:\/\/bitevol.es\/next\/wp-json\/wp\/v2\/media?parent=1208"}],"curies":[{"name":"wp","href":"https:\/\/api.w.org\/{rel}","templated":true}]}}