
{"id":357,"date":"2018-05-22T18:02:32","date_gmt":"2018-05-22T18:02:32","guid":{"rendered":"http:\/\/bitevol.es\/blog\/?page_id=357"},"modified":"2021-06-21T14:16:16","modified_gmt":"2021-06-21T14:16:16","slug":"politica-privacidad","status":"publish","type":"page","link":"https:\/\/bitevol.es\/next\/politica-privacidad\/","title":{"rendered":"Pol\u00edtica de privacidad"},"content":{"rendered":"\n<p><strong>TRATAMIENTO\nDE LOS DATOS PERSONALES<\/strong><strong><\/strong><\/p>\n\n\n\n<p>Los\ndatos personales recogidos en nuestra p\u00e1gina web son tratados cumpliendo con\nlas exigencias del Reglamento (UE) 2016\/679 del Parlamento Europeo y del\nConsejo, de 27 de abril de 2016, relativo a la protecci\u00f3n de las personas\nf\u00edsicas en lo que respecta al tratamiento de datos personales y a la libre\ncirculaci\u00f3n de estos datos, as\u00ed como con la Ley Org\u00e1nica 3\/2018, de 5 de diciembre, de\nProtecci\u00f3n de Datos Personales y garant\u00eda de los derechos digitales.<\/p>\n\n\n\n<p>As\u00ed\nmismo, garantizamos que los datos personales son tratados de manera l\u00edcita,\nleal y transparente, y son recogidos con fines determinados, expl\u00edcitos y\nleg\u00edtimos, manteni\u00e9ndose limitados a dichos fines y actualizados si fuera\nnecesario. No se permitir\u00e1 la identificaci\u00f3n de los interesados durante m\u00e1s\ntiempo del necesario y se garantizar\u00e1 su seguridad mediante las medidas\nt\u00e9cnicas y organizativas adecuadas.<\/p>\n\n\n\n<p><strong>\u00bfQui\u00e9n es responsable de sus datos personales?<\/strong><\/p>\n\n\n\n<p>Raz\u00f3n Social:&nbsp; BITEVOL\nS.L.U<\/p>\n\n\n\n<p>Direcci\u00f3n:&nbsp; Avenida Mar\u00eda Zambrano 31, WTCZ Torre Oeste,\nPlanta 15, C.P: 50018, &nbsp;Zaragoza<\/p>\n\n\n\n<p>C.I.F.:&nbsp; B02931699<\/p>\n\n\n\n<p>Tel\u00e9fono:&nbsp; 661604535<\/p>\n\n\n\n<p>E-mail: &nbsp;nexo@bitevol.es<\/p>\n\n\n\n<p><strong>\u00bfPara qu\u00e9 tratamos sus datos y qu\u00e9 nos permite hacerlo? \u00bfPor qu\u00e9 podemos\ntratar sus datos?<\/strong><\/p>\n\n\n\n<p>Los datos personales ser\u00e1n\ntratados por la entidad responsable cuando usted los proporcione completando los\nformularios de registro o de contacto, enviando correos electr\u00f3nicos o llamando\npor tel\u00e9fono.<strong><\/strong><\/p>\n\n\n\n<p>Los datos van a ser\ntratados con la finalidad de comunicarnos con los interesados por cualquier medio y\nresponder a consultas y solicitudes de informaci\u00f3n.<\/p>\n\n\n\n<ul class=\"wp-block-list\"><li>Responder a consultas y\nsolicitudes de informaci\u00f3n. Cuando el interesado nos hace llegar una consulta o\nsolicitud de informaci\u00f3n tratamos sus datos con su consentimiento para darle\nrespuesta sobre la consulta o solicitud.<\/li><\/ul>\n\n\n\n<p>Los\ninteresados pueden oponerse en cada una de las comunicaciones enviadas y\nadicionalmente mediante el mecanismo previsto en el apartado \u201c\u00bfCu\u00e1les son sus\nderechos?\u201d.<\/p>\n\n\n\n<p><strong>\u00bfA qui\u00e9n proporcionamos sus datos?<\/strong><\/p>\n\n\n\n<p>Podemos comunicar los datos\npersonales a terceros proveedores encargados del tratamiento, con la \u00fanica\nfinalidad de que nos presten determinados servicios siguiendo nuestras\ninstrucciones sin utilizar los datos para sus propias finalidades y con objeto\nde llevar a cabo las actividades que nos son propias, o a las administraciones\np\u00fablicas competentes en cumplimiento de obligaciones legales.<\/p>\n\n\n\n<p><strong>\u00bfCu\u00e1nto tiempo conservamos sus datos?<\/strong><\/p>\n\n\n\n<p>Por regla general los datos\nser\u00e1n conservados mientras sean compatibles con la finalidad con la que fueron\nrecogidos, en cumplimiento de obligaciones legales de conservaci\u00f3n y para hacer\nfrente a las responsabilidades que pudieran derivarse del tratamiento, para\ndespu\u00e9s ser suprimidos.<\/p>\n\n\n\n<p>Los datos recogidos con la\nfinalidad de comunicarnos comercialmente ser\u00e1n conservados mientras perdure\ndicha finalidad o el usuario se oponga al tratamiento.<\/p>\n\n\n\n<p><strong>\u00bfCu\u00e1les son sus derechos?<\/strong><\/p>\n\n\n\n<p>Usted podr\u00e1:<\/p>\n\n\n\n<ol class=\"wp-block-list\"><li>Obtener m\u00e1s informaci\u00f3n<\/li><li>Retirar su consentimiento\ncuando lo hubiera prestado para un tratamiento determinado<\/li><li>Dejar\nde recibir nuestras comunicaciones de car\u00e1cter comercial, enviando <em>\u201cQuiero\ndejar de recibir comunicaciones comerciales\u201d <\/em>al correo electr\u00f3nico del\nresponsable.<\/li><li>Ejercer sus derechos de:<\/li><li>Acceso, o conocer que\ndatos personales tratamos de usted;<\/li><li>Rectificaci\u00f3n, o corregir\ndatos personales incorrectos o inexactos;<\/li><li>Supresi\u00f3n, o a eliminar\nlos datos personales que tenemos de usted que no estemos obligados legalmente a\nconservar;<\/li><li>Oposici\u00f3n, o a que\ndejemos de tratar sus datos personales con una finalidad concreta;<\/li><li>Limitaci\u00f3n, o a\nrestringir el tratamiento que realizamos;<\/li><li>Portabilidad, o a que le\nproporcionemos los datos personales que obran en nuestro poder;<\/li><\/ol>\n\n\n\n<p>Para\npoder ejercer cualquiera de los derechos que le otorga la normativa de protecci\u00f3n de datos, usted podr\u00e1\nsolicitar al responsable un formulario para el ejercicio de derechos o\ndescargar directamente cualquiera de los formularios propuestos por la Agencia\nEspa\u00f1ola de Protecci\u00f3n de Datos a trav\u00e9s de este <a href=\"https:\/\/www.aepd.es\/reglamento\/derechos\/index.html\">enlace<\/a> y presentarlo\ncumplimentado con la informaci\u00f3n adicional que permita acreditar su identidad, en\nla direcci\u00f3n o correo electr\u00f3nico del responsable.<\/p>\n\n\n\n<p>Puede encontrar m\u00e1s\ninformaci\u00f3n sobre sus derechos o presentar una reclamaci\u00f3n ante la autoridad de\ncontrol competente en la Agencia Espa\u00f1ola de Protecci\u00f3n de Datos <a href=\"http:\/\/www.agpd.es\">http:\/\/www.agpd.es<\/a> &#8211; C\/ Jorge Juan, 6. 28001 \u2013 Madrid (901 100 099 &#8211;\n912 663 517).<\/p>\n\n\n\n<p><a><strong>\u00bfC\u00f3mo garantizamos la\nseguridad de sus datos?<\/strong><\/a><strong><\/strong><\/p>\n\n\n\n<p>Hemos\nadoptado las medidas t\u00e9cnicas y organizativas apropiadas para garantizar un\nnivel de seguridad adecuado que evite la destrucci\u00f3n, p\u00e9rdida o alteraci\u00f3n\naccidental o il\u00edcita de datos personales, o la comunicaci\u00f3n o acceso no\nautorizados a dichos datos.<\/p>\n\n\n\n<p>Tambi\u00e9n\nhemos habilitado procedimientos para responder en los plazos legales oportunos\nante cualquier brecha de seguridad que pudiera producirse sobre tus datos\npersonales. <\/p>\n\n\n\n<p>Al\ncontratar a proveedores, garantizamos que implantan las medidas de seguridad\nadecuadas para la protecci\u00f3n de los datos personales.&nbsp; <\/p>\n\n\n\n<p><strong>Cambios en la Pol\u00edtica de Privacidad<\/strong><\/p>\n\n\n\n<p>Hemos\nactualizado esta Pol\u00edtica para adaptarla a los requisitos y obligaciones del\nReglamento General de Protecci\u00f3n de Datos.<\/p>\n\n\n\n<p>Esta \u00faltima Pol\u00edtica es de fecha: 17\/06\/2021<\/p>\n","protected":false},"excerpt":{"rendered":"<p>Informaci\u00f3n sobre aspectos legales, protecci\u00f3n de datos personales y privacidad en bitevol.es<\/p>\n","protected":false},"author":2,"featured_media":0,"parent":0,"menu_order":0,"comment_status":"closed","ping_status":"closed","template":"","meta":{"_acf_changed":false,"footnotes":""},"class_list":["post-357","page","type-page","status-publish","hentry"],"acf":[],"yoast_head":"<!-- This site is optimized with the Yoast SEO plugin v27.2 - https:\/\/yoast.com\/product\/yoast-seo-wordpress\/ -->\n<title>Aviso legal, Protecci\u00f3n de datos y Privacidad<\/title>\n<meta name=\"description\" content=\"Aviso legal, Protecci\u00f3n de datos y Privacidad\" \/>\n<meta name=\"robots\" content=\"index, follow, max-snippet:-1, max-image-preview:large, max-video-preview:-1\" \/>\n<link rel=\"canonical\" href=\"https:\/\/bitevol.es\/next\/politica-privacidad\/\" \/>\n<meta property=\"og:locale\" content=\"es_ES\" \/>\n<meta property=\"og:type\" content=\"article\" \/>\n<meta property=\"og:title\" content=\"Aviso legal, Protecci\u00f3n de datos y Privacidad\" \/>\n<meta property=\"og:description\" content=\"Aviso legal, Protecci\u00f3n de datos y Privacidad\" \/>\n<meta property=\"og:url\" content=\"https:\/\/bitevol.es\/next\/politica-privacidad\/\" \/>\n<meta property=\"og:site_name\" content=\"Blog de Bitevol\" \/>\n<meta property=\"article:modified_time\" content=\"2021-06-21T14:16:16+00:00\" \/>\n<meta name=\"twitter:card\" content=\"summary_large_image\" \/>\n<meta name=\"twitter:label1\" content=\"Tiempo de lectura\" \/>\n\t<meta name=\"twitter:data1\" content=\"4 minutos\" \/>\n<script type=\"application\/ld+json\" class=\"yoast-schema-graph\">{\"@context\":\"https:\/\/schema.org\",\"@graph\":[{\"@type\":\"WebPage\",\"@id\":\"https:\/\/bitevol.es\/next\/politica-privacidad\/\",\"url\":\"https:\/\/bitevol.es\/next\/politica-privacidad\/\",\"name\":\"Aviso legal, Protecci\u00f3n de datos y Privacidad\",\"isPartOf\":{\"@id\":\"https:\/\/bitevol.es\/next\/#website\"},\"datePublished\":\"2018-05-22T18:02:32+00:00\",\"dateModified\":\"2021-06-21T14:16:16+00:00\",\"description\":\"Aviso legal, Protecci\u00f3n de datos y Privacidad\",\"breadcrumb\":{\"@id\":\"https:\/\/bitevol.es\/next\/politica-privacidad\/#breadcrumb\"},\"inLanguage\":\"es\",\"potentialAction\":[{\"@type\":\"ReadAction\",\"target\":[\"https:\/\/bitevol.es\/next\/politica-privacidad\/\"]}]},{\"@type\":\"BreadcrumbList\",\"@id\":\"https:\/\/bitevol.es\/next\/politica-privacidad\/#breadcrumb\",\"itemListElement\":[{\"@type\":\"ListItem\",\"position\":1,\"name\":\"Portada\",\"item\":\"https:\/\/bitevol.es\/next\/\"},{\"@type\":\"ListItem\",\"position\":2,\"name\":\"Pol\u00edtica de privacidad\"}]},{\"@type\":\"WebSite\",\"@id\":\"https:\/\/bitevol.es\/next\/#website\",\"url\":\"https:\/\/bitevol.es\/next\/\",\"name\":\"Blog de Bitevol\",\"description\":\"Oxigena tu estrategia digital\",\"publisher\":{\"@id\":\"https:\/\/bitevol.es\/next\/#organization\"},\"potentialAction\":[{\"@type\":\"SearchAction\",\"target\":{\"@type\":\"EntryPoint\",\"urlTemplate\":\"https:\/\/bitevol.es\/next\/?s={search_term_string}\"},\"query-input\":{\"@type\":\"PropertyValueSpecification\",\"valueRequired\":true,\"valueName\":\"search_term_string\"}}],\"inLanguage\":\"es\"},{\"@type\":\"Organization\",\"@id\":\"https:\/\/bitevol.es\/next\/#organization\",\"name\":\"BitEvol\",\"url\":\"https:\/\/bitevol.es\/next\/\",\"logo\":{\"@type\":\"ImageObject\",\"inLanguage\":\"es\",\"@id\":\"https:\/\/bitevol.es\/next\/#\/schema\/logo\/image\/\",\"url\":\"https:\/\/bitevol.es\/next\/wp-content\/uploads\/2018\/06\/bitevol-01.png\",\"contentUrl\":\"https:\/\/bitevol.es\/next\/wp-content\/uploads\/2018\/06\/bitevol-01.png\",\"width\":781,\"height\":324,\"caption\":\"BitEvol\"},\"image\":{\"@id\":\"https:\/\/bitevol.es\/next\/#\/schema\/logo\/image\/\"}}]}<\/script>\n<!-- \/ Yoast SEO plugin. -->","yoast_head_json":{"title":"Aviso legal, Protecci\u00f3n de datos y Privacidad","description":"Aviso legal, Protecci\u00f3n de datos y Privacidad","robots":{"index":"index","follow":"follow","max-snippet":"max-snippet:-1","max-image-preview":"max-image-preview:large","max-video-preview":"max-video-preview:-1"},"canonical":"https:\/\/bitevol.es\/next\/politica-privacidad\/","og_locale":"es_ES","og_type":"article","og_title":"Aviso legal, Protecci\u00f3n de datos y Privacidad","og_description":"Aviso legal, Protecci\u00f3n de datos y Privacidad","og_url":"https:\/\/bitevol.es\/next\/politica-privacidad\/","og_site_name":"Blog de Bitevol","article_modified_time":"2021-06-21T14:16:16+00:00","twitter_card":"summary_large_image","twitter_misc":{"Tiempo de lectura":"4 minutos"},"schema":{"@context":"https:\/\/schema.org","@graph":[{"@type":"WebPage","@id":"https:\/\/bitevol.es\/next\/politica-privacidad\/","url":"https:\/\/bitevol.es\/next\/politica-privacidad\/","name":"Aviso legal, Protecci\u00f3n de datos y Privacidad","isPartOf":{"@id":"https:\/\/bitevol.es\/next\/#website"},"datePublished":"2018-05-22T18:02:32+00:00","dateModified":"2021-06-21T14:16:16+00:00","description":"Aviso legal, Protecci\u00f3n de datos y Privacidad","breadcrumb":{"@id":"https:\/\/bitevol.es\/next\/politica-privacidad\/#breadcrumb"},"inLanguage":"es","potentialAction":[{"@type":"ReadAction","target":["https:\/\/bitevol.es\/next\/politica-privacidad\/"]}]},{"@type":"BreadcrumbList","@id":"https:\/\/bitevol.es\/next\/politica-privacidad\/#breadcrumb","itemListElement":[{"@type":"ListItem","position":1,"name":"Portada","item":"https:\/\/bitevol.es\/next\/"},{"@type":"ListItem","position":2,"name":"Pol\u00edtica de privacidad"}]},{"@type":"WebSite","@id":"https:\/\/bitevol.es\/next\/#website","url":"https:\/\/bitevol.es\/next\/","name":"Blog de Bitevol","description":"Oxigena tu estrategia digital","publisher":{"@id":"https:\/\/bitevol.es\/next\/#organization"},"potentialAction":[{"@type":"SearchAction","target":{"@type":"EntryPoint","urlTemplate":"https:\/\/bitevol.es\/next\/?s={search_term_string}"},"query-input":{"@type":"PropertyValueSpecification","valueRequired":true,"valueName":"search_term_string"}}],"inLanguage":"es"},{"@type":"Organization","@id":"https:\/\/bitevol.es\/next\/#organization","name":"BitEvol","url":"https:\/\/bitevol.es\/next\/","logo":{"@type":"ImageObject","inLanguage":"es","@id":"https:\/\/bitevol.es\/next\/#\/schema\/logo\/image\/","url":"https:\/\/bitevol.es\/next\/wp-content\/uploads\/2018\/06\/bitevol-01.png","contentUrl":"https:\/\/bitevol.es\/next\/wp-content\/uploads\/2018\/06\/bitevol-01.png","width":781,"height":324,"caption":"BitEvol"},"image":{"@id":"https:\/\/bitevol.es\/next\/#\/schema\/logo\/image\/"}}]}},"_links":{"self":[{"href":"https:\/\/bitevol.es\/next\/wp-json\/wp\/v2\/pages\/357","targetHints":{"allow":["GET"]}}],"collection":[{"href":"https:\/\/bitevol.es\/next\/wp-json\/wp\/v2\/pages"}],"about":[{"href":"https:\/\/bitevol.es\/next\/wp-json\/wp\/v2\/types\/page"}],"author":[{"embeddable":true,"href":"https:\/\/bitevol.es\/next\/wp-json\/wp\/v2\/users\/2"}],"replies":[{"embeddable":true,"href":"https:\/\/bitevol.es\/next\/wp-json\/wp\/v2\/comments?post=357"}],"version-history":[{"count":17,"href":"https:\/\/bitevol.es\/next\/wp-json\/wp\/v2\/pages\/357\/revisions"}],"predecessor-version":[{"id":923,"href":"https:\/\/bitevol.es\/next\/wp-json\/wp\/v2\/pages\/357\/revisions\/923"}],"wp:attachment":[{"href":"https:\/\/bitevol.es\/next\/wp-json\/wp\/v2\/media?parent=357"}],"curies":[{"name":"wp","href":"https:\/\/api.w.org\/{rel}","templated":true}]}}