
{"id":897,"date":"2021-06-14T18:55:49","date_gmt":"2021-06-14T18:55:49","guid":{"rendered":"https:\/\/bitevol.es\/blog\/?page_id=897"},"modified":"2021-06-17T08:49:16","modified_gmt":"2021-06-17T08:49:16","slug":"aviso-legal","status":"publish","type":"page","link":"https:\/\/bitevol.es\/next\/aviso-legal\/","title":{"rendered":"Aviso Legal"},"content":{"rendered":"\n<p><strong>Informaci\u00f3n legal <\/strong><\/p>\n\n\n\n<p>En cumplimiento del art\u00edculo 10 de la <strong>Ley 34\/2002, de 11 de julio, de servicios de la sociedad de la informaci\u00f3n y de comercio electr\u00f3nico<\/strong> (LSSICE) presentamos la siguiente informaci\u00f3n:<\/p>\n\n\n\n<p>Raz\u00f3n Social:&nbsp;\nBITEVOL S.L.U<\/p>\n\n\n\n<p>Direcci\u00f3n:&nbsp; Avenida\nMar\u00eda Zambrano 31, WTCZ Torre Oeste, Planta 15, C.P: 50018,&nbsp; Zaragoza<\/p>\n\n\n\n<p>C.I.F.:&nbsp; B02931699<\/p>\n\n\n\n<p>Tel\u00e9fono:&nbsp;\n661604535<\/p>\n\n\n\n<p>E-mail: &nbsp;nexo@bitevol.es<\/p>\n\n\n\n<p>Datos de la inscripci\u00f3n en el Registro Mercantil: tomo 4502, folio 124, inscripci\u00f3n 1, hoja Z-67981.<\/p>\n\n\n\n<p><strong>Protecci\u00f3n de datos<\/strong><\/p>\n\n\n\n<ul class=\"wp-block-list\"><li>Usted\npuede obtener la informaci\u00f3n sobre el tratamiento de sus datos personales en la\nPol\u00edtica de Privacidad o solicitarlos en nuestra direcci\u00f3n de contacto.<ul><li>Los\ndatos personales recogidos en nuestra p\u00e1gina web son tratados cumpliendo con\nlas exigencias del Reglamento (UE) 2016\/679 del Parlamento Europeo y del\nConsejo, de 27 de abril de 2016, relativo a la protecci\u00f3n de las personas\nf\u00edsicas en lo que respecta al tratamiento de datos personales y a la libre\ncirculaci\u00f3n de estos datos as\u00ed como con la Ley Org\u00e1nica 3\/2018, de 5 de\ndiciembre, de Protecci\u00f3n de Datos Personales y garant\u00eda de los derechos digitales.<\/li><\/ul><ul><li>As\u00ed\nmismo, garantizamos que los datos personales son tratados de manera l\u00edcita,\nleal y transparente, y son recogidos con fines determinados, expl\u00edcitos y\nleg\u00edtimos, manteni\u00e9ndose limitados a dichos fines y actualizados si fuera\nnecesario. No se permitir\u00e1 la identificaci\u00f3n de los interesados durante m\u00e1s\ntiempo del necesario y se garantizar\u00e1 su seguridad mediante las medidas\nt\u00e9cnicas y organizativas adecuadas.<\/li><\/ul><ul><li>Puede\nejercer los derechos de acceso, rectificaci\u00f3n,\nsupresi\u00f3n, oposici\u00f3n, as\u00ed como los\ndem\u00e1s derechos que le otorga la normativa de protecci\u00f3n de datos sobre\nlos datos de car\u00e1cter personal presentando una copia de un documento\nidentificativo en la direcci\u00f3n de contacto del responsable. Si desea dejar de\nrecibir nuestras comunicaciones de car\u00e1cter comercial, tambi\u00e9n puede hacer\nllegar su solicitud a la direcci\u00f3n anterior.<\/li><\/ul><ul><li>Puede encontrar m\u00e1s\ninformaci\u00f3n sobre sus derechos o presentar una reclamaci\u00f3n ante la autoridad de\ncontrol competente en la Agencia Espa\u00f1ola de Protecci\u00f3n de Datos <a href=\"http:\/\/www.agpd.es\">http:\/\/www.agpd.es<\/a> &#8211;\nC\/ Jorge Juan, 6. 28001 \u2013 Madrid (901 100 099 &#8211; 912 663 517).<\/li><\/ul><\/li><\/ul>\n\n\n\n<p><strong>Limitaci\u00f3n de Responsabilidades<\/strong><\/p>\n\n\n\n<ul class=\"wp-block-list\"><li>La entidad proporciona el sitio web corporativo como\nmedio de dar a conocer sus productos y servicios, y permitir el contacto con\nlos clientes. La informaci\u00f3n de la p\u00e1gina web se presenta de buena fe como\ncierta, pero nos reservamos el derecho a modificarla no asumiendo compromiso\nalguno de comunicar cambios con el prop\u00f3sito de actualizarla, corregirla,\neliminarla y cualesquiera otras en inter\u00e9s de la entidad o de nuestros\nclientes. <\/li><\/ul>\n\n\n\n<ul class=\"wp-block-list\"><li>La entidad no se hace responsable de que la\ninformaci\u00f3n contenida en la p\u00e1gina web corresponda con las expectativas del\nUsuario. Del mismo modo, no responde de la veracidad, exactitud, suficiencia,\nintegridad o actualizaci\u00f3n de la informaci\u00f3n que no sea elaborada propiamente\npor el responsable. En ning\u00fan caso la entidad se hace responsable de las\nopiniones o comentarios que puedan aparecer en la p\u00e1gina web. <\/li><\/ul>\n\n\n\n<ul class=\"wp-block-list\"><li>Con la intenci\u00f3n de que el usuario pueda encontrar\ninformaci\u00f3n adicional, la entidad podr\u00e1 incluir enlaces que permitan el acceso\na otras p\u00e1ginas webs. En ning\u00fan caso, la existencia de dichos enlaces supone\nrecomendaci\u00f3n, promoci\u00f3n o conformidad de la entidad con las manifestaciones,\ncontenidos, o servicios ofrecidos en la p\u00e1gina web enlazada. En esos\ncasos,&nbsp; la entidad act\u00faa como un prestador\nde servicios de intermediaci\u00f3n, por lo que, en virtud del art\u00edculo 17 LSSI, la\nentidad no ser\u00e1 responsable de los servicios y contenidos proporcionados a\ntrav\u00e9s de dichos enlaces, excepto que en el caso de que sea consciente de la\nilicitud del contenido y no haya procedido a actuar con la debida diligencia. <\/li><\/ul>\n\n\n\n<ul class=\"wp-block-list\"><li>La entidad no se responsabiliza por los da\u00f1os y\nperjuicios de toda naturaleza que pueda sufrir el usuario mientras visita\nnuestra p\u00e1gina web por la presencia de virus o fallos inform\u00e1ticos en los\ncontenidos, que puedan producir alteraciones en el sistema inform\u00e1tico, en\ndocumentos electr\u00f3nicos o en ficheros de los Clientes.<\/li><\/ul>\n\n\n\n<p><strong>Propiedad Intelectual<\/strong><\/p>\n\n\n\n<ul class=\"wp-block-list\"><li>Todos los contenidos del presente sitio web,\nentendiendo por tales los distintos elementos que lo constituyen (textos,\ndibujos, gr\u00e1ficos, fotograf\u00edas, im\u00e1genes, v\u00eddeos, m\u00fasica, c\u00f3digo, dise\u00f1o de web\ny cualquier otra creaci\u00f3n), corresponden a la entidad o a sus licenciantes\nestando todos ellos protegidos con arreglo a la Ley espa\u00f1ola de Propiedad\nIntelectual y dem\u00e1s legislaci\u00f3n espa\u00f1ola e internacional vigente relativa a los\nderechos de autor. <\/li><\/ul>\n\n\n\n<ul class=\"wp-block-list\"><li>Asimismo, la entidad es titular de los derechos de\npropiedad industrial derivados del uso de marcas, signos distintivos y nombres\ncomerciales que figuran en la web. <\/li><\/ul>\n\n\n\n<ul class=\"wp-block-list\"><li>En ning\u00fan caso se entender\u00e1 que la puesta a\ndisposici\u00f3n al p\u00fablico de la p\u00e1gina web constituye renuncia, cesi\u00f3n o licencia\nde los derechos que la entidad tiene sobre los contenidos y los signos\ndistintivos de la misma. En consecuencia, salvo en aquellos supuestos en los\nque est\u00e9 legalmente permitido o exista autorizaci\u00f3n previa del Responsable,\nqueda expresamente prohibido al usuario la reproducci\u00f3n, transformaci\u00f3n,\ndistribuci\u00f3n, comunicaci\u00f3n p\u00fablica, puesta a disposici\u00f3n, extracci\u00f3n y\/o\nreutilizaci\u00f3n del sitio web, sus contenidos y los signos <\/li><\/ul>\n\n\n\n<ul class=\"wp-block-list\"><li>distintivos tanto del responsable, como de aquellos\nterceros que aparezcan en el sitio web. La entidad se\nreserva la posibilidad de ejercer las acciones legales correspondientes contra\nlos Usuarios que infrinjan las condiciones de uso anteriormente establecidas.<\/li><\/ul>\n\n\n\n<ul class=\"wp-block-list\"><li>La reproducci\u00f3n, transformaci\u00f3n, distribuci\u00f3n,\ncomunicaci\u00f3n p\u00fablica, puesta a disposici\u00f3n, extracci\u00f3n y\/o reutilizaci\u00f3n del\nsitio web, sin la correspondiente autorizaci\u00f3n de los titulares de los derechos\nde propiedad intelectual o de sus cesionarios, supone la comisi\u00f3n de\ninfracciones tipificadas por la normativa aplicable, penalmente castigadas con\npenas de prisi\u00f3n de hasta dos a\u00f1os.<\/li><\/ul>\n","protected":false},"excerpt":{"rendered":"<p>Aviso legal en bitevol.es<\/p>\n","protected":false},"author":2,"featured_media":0,"parent":0,"menu_order":0,"comment_status":"closed","ping_status":"closed","template":"","meta":{"_acf_changed":false,"footnotes":""},"class_list":["post-897","page","type-page","status-publish","hentry"],"acf":[],"yoast_head":"<!-- This site is optimized with the Yoast SEO plugin v27.2 - https:\/\/yoast.com\/product\/yoast-seo-wordpress\/ -->\n<title>Aviso Legal - Blog de Bitevol<\/title>\n<meta name=\"robots\" content=\"index, follow, max-snippet:-1, max-image-preview:large, max-video-preview:-1\" \/>\n<link rel=\"canonical\" href=\"https:\/\/bitevol.es\/next\/aviso-legal\/\" \/>\n<meta property=\"og:locale\" content=\"es_ES\" \/>\n<meta property=\"og:type\" content=\"article\" \/>\n<meta property=\"og:title\" content=\"Aviso Legal - Blog de Bitevol\" \/>\n<meta property=\"og:description\" content=\"Aviso legal en bitevol.es\" \/>\n<meta property=\"og:url\" content=\"https:\/\/bitevol.es\/next\/aviso-legal\/\" \/>\n<meta property=\"og:site_name\" content=\"Blog de Bitevol\" \/>\n<meta property=\"article:modified_time\" content=\"2021-06-17T08:49:16+00:00\" \/>\n<meta name=\"twitter:card\" content=\"summary_large_image\" \/>\n<meta name=\"twitter:label1\" content=\"Tiempo de lectura\" \/>\n\t<meta name=\"twitter:data1\" content=\"5 minutos\" \/>\n<script type=\"application\/ld+json\" class=\"yoast-schema-graph\">{\"@context\":\"https:\/\/schema.org\",\"@graph\":[{\"@type\":\"WebPage\",\"@id\":\"https:\/\/bitevol.es\/next\/aviso-legal\/\",\"url\":\"https:\/\/bitevol.es\/next\/aviso-legal\/\",\"name\":\"Aviso Legal - Blog de Bitevol\",\"isPartOf\":{\"@id\":\"https:\/\/bitevol.es\/next\/#website\"},\"datePublished\":\"2021-06-14T18:55:49+00:00\",\"dateModified\":\"2021-06-17T08:49:16+00:00\",\"breadcrumb\":{\"@id\":\"https:\/\/bitevol.es\/next\/aviso-legal\/#breadcrumb\"},\"inLanguage\":\"es\",\"potentialAction\":[{\"@type\":\"ReadAction\",\"target\":[\"https:\/\/bitevol.es\/next\/aviso-legal\/\"]}]},{\"@type\":\"BreadcrumbList\",\"@id\":\"https:\/\/bitevol.es\/next\/aviso-legal\/#breadcrumb\",\"itemListElement\":[{\"@type\":\"ListItem\",\"position\":1,\"name\":\"Portada\",\"item\":\"https:\/\/bitevol.es\/next\/\"},{\"@type\":\"ListItem\",\"position\":2,\"name\":\"Aviso Legal\"}]},{\"@type\":\"WebSite\",\"@id\":\"https:\/\/bitevol.es\/next\/#website\",\"url\":\"https:\/\/bitevol.es\/next\/\",\"name\":\"Blog de Bitevol\",\"description\":\"Oxigena tu estrategia digital\",\"publisher\":{\"@id\":\"https:\/\/bitevol.es\/next\/#organization\"},\"potentialAction\":[{\"@type\":\"SearchAction\",\"target\":{\"@type\":\"EntryPoint\",\"urlTemplate\":\"https:\/\/bitevol.es\/next\/?s={search_term_string}\"},\"query-input\":{\"@type\":\"PropertyValueSpecification\",\"valueRequired\":true,\"valueName\":\"search_term_string\"}}],\"inLanguage\":\"es\"},{\"@type\":\"Organization\",\"@id\":\"https:\/\/bitevol.es\/next\/#organization\",\"name\":\"BitEvol\",\"url\":\"https:\/\/bitevol.es\/next\/\",\"logo\":{\"@type\":\"ImageObject\",\"inLanguage\":\"es\",\"@id\":\"https:\/\/bitevol.es\/next\/#\/schema\/logo\/image\/\",\"url\":\"https:\/\/bitevol.es\/next\/wp-content\/uploads\/2018\/06\/bitevol-01.png\",\"contentUrl\":\"https:\/\/bitevol.es\/next\/wp-content\/uploads\/2018\/06\/bitevol-01.png\",\"width\":781,\"height\":324,\"caption\":\"BitEvol\"},\"image\":{\"@id\":\"https:\/\/bitevol.es\/next\/#\/schema\/logo\/image\/\"}}]}<\/script>\n<!-- \/ Yoast SEO plugin. -->","yoast_head_json":{"title":"Aviso Legal - Blog de Bitevol","robots":{"index":"index","follow":"follow","max-snippet":"max-snippet:-1","max-image-preview":"max-image-preview:large","max-video-preview":"max-video-preview:-1"},"canonical":"https:\/\/bitevol.es\/next\/aviso-legal\/","og_locale":"es_ES","og_type":"article","og_title":"Aviso Legal - Blog de Bitevol","og_description":"Aviso legal en bitevol.es","og_url":"https:\/\/bitevol.es\/next\/aviso-legal\/","og_site_name":"Blog de Bitevol","article_modified_time":"2021-06-17T08:49:16+00:00","twitter_card":"summary_large_image","twitter_misc":{"Tiempo de lectura":"5 minutos"},"schema":{"@context":"https:\/\/schema.org","@graph":[{"@type":"WebPage","@id":"https:\/\/bitevol.es\/next\/aviso-legal\/","url":"https:\/\/bitevol.es\/next\/aviso-legal\/","name":"Aviso Legal - Blog de Bitevol","isPartOf":{"@id":"https:\/\/bitevol.es\/next\/#website"},"datePublished":"2021-06-14T18:55:49+00:00","dateModified":"2021-06-17T08:49:16+00:00","breadcrumb":{"@id":"https:\/\/bitevol.es\/next\/aviso-legal\/#breadcrumb"},"inLanguage":"es","potentialAction":[{"@type":"ReadAction","target":["https:\/\/bitevol.es\/next\/aviso-legal\/"]}]},{"@type":"BreadcrumbList","@id":"https:\/\/bitevol.es\/next\/aviso-legal\/#breadcrumb","itemListElement":[{"@type":"ListItem","position":1,"name":"Portada","item":"https:\/\/bitevol.es\/next\/"},{"@type":"ListItem","position":2,"name":"Aviso Legal"}]},{"@type":"WebSite","@id":"https:\/\/bitevol.es\/next\/#website","url":"https:\/\/bitevol.es\/next\/","name":"Blog de Bitevol","description":"Oxigena tu estrategia digital","publisher":{"@id":"https:\/\/bitevol.es\/next\/#organization"},"potentialAction":[{"@type":"SearchAction","target":{"@type":"EntryPoint","urlTemplate":"https:\/\/bitevol.es\/next\/?s={search_term_string}"},"query-input":{"@type":"PropertyValueSpecification","valueRequired":true,"valueName":"search_term_string"}}],"inLanguage":"es"},{"@type":"Organization","@id":"https:\/\/bitevol.es\/next\/#organization","name":"BitEvol","url":"https:\/\/bitevol.es\/next\/","logo":{"@type":"ImageObject","inLanguage":"es","@id":"https:\/\/bitevol.es\/next\/#\/schema\/logo\/image\/","url":"https:\/\/bitevol.es\/next\/wp-content\/uploads\/2018\/06\/bitevol-01.png","contentUrl":"https:\/\/bitevol.es\/next\/wp-content\/uploads\/2018\/06\/bitevol-01.png","width":781,"height":324,"caption":"BitEvol"},"image":{"@id":"https:\/\/bitevol.es\/next\/#\/schema\/logo\/image\/"}}]}},"_links":{"self":[{"href":"https:\/\/bitevol.es\/next\/wp-json\/wp\/v2\/pages\/897","targetHints":{"allow":["GET"]}}],"collection":[{"href":"https:\/\/bitevol.es\/next\/wp-json\/wp\/v2\/pages"}],"about":[{"href":"https:\/\/bitevol.es\/next\/wp-json\/wp\/v2\/types\/page"}],"author":[{"embeddable":true,"href":"https:\/\/bitevol.es\/next\/wp-json\/wp\/v2\/users\/2"}],"replies":[{"embeddable":true,"href":"https:\/\/bitevol.es\/next\/wp-json\/wp\/v2\/comments?post=897"}],"version-history":[{"count":3,"href":"https:\/\/bitevol.es\/next\/wp-json\/wp\/v2\/pages\/897\/revisions"}],"predecessor-version":[{"id":908,"href":"https:\/\/bitevol.es\/next\/wp-json\/wp\/v2\/pages\/897\/revisions\/908"}],"wp:attachment":[{"href":"https:\/\/bitevol.es\/next\/wp-json\/wp\/v2\/media?parent=897"}],"curies":[{"name":"wp","href":"https:\/\/api.w.org\/{rel}","templated":true}]}}